{"id":2193,"date":"2023-10-12T14:30:54","date_gmt":"2023-10-12T12:30:54","guid":{"rendered":"https:\/\/marly-distribution.com\/?page_id=2193"},"modified":"2024-04-26T16:15:31","modified_gmt":"2024-04-26T14:15:31","slug":"nos-engagements","status":"publish","type":"page","link":"https:\/\/marly-distribution.com\/index.php\/nos-engagements\/","title":{"rendered":"Nos engagements"},"content":{"rendered":"<div class=\"fusion-bg-parallax\" data-bg-align=\"center top\" data-direction=\"up\" data-mute=\"false\" data-opacity=\"100\" data-velocity=\"-0.2\" data-mobile-enabled=\"false\" data-break_parents=\"0\" data-bg-image=\"https:\/\/marly-distribution.com\/wp-content\/uploads\/2024\/04\/photo-vaches-traitement.jpg\" data-bg-repeat=\"false\" data-bg-gradient-type=\"linear\" data-bg-gradient-angle=\"0\" data-bg-gradient-start-color=\"rgba(91,144,125,0.5)\" data-bg-gradient-start-position=\"0\" data-bg-gradient-end-color=\"rgba(91,144,125,0.11)\" data-bg-gradient-end-position=\"0\" data-bg-radial-direction=\"center center\" ><\/div><div class=\"fusion-fullwidth fullwidth-box fusion-builder-row-1 fusion-flex-container has-pattern-background has-mask-background fusion-parallax-up nonhundred-percent-fullwidth non-hundred-percent-height-scrolling lazyload\" style=\"--awb-background-position:center top;--awb-border-radius-top-left:0px;--awb-border-radius-top-right:0px;--awb-border-radius-bottom-right:0px;--awb-border-radius-bottom-left:0px;--awb-padding-top:4vw;--awb-padding-bottom:4vw;--awb-padding-top-small:12vw;--awb-padding-bottom-small:12vw;--awb-margin-bottom:0px;--awb-min-height:1000px;--awb-background-image:linear-gradient(0deg, rgba(91,144,125,0.5) 0%,rgba(91,144,125,0.11) 0%);;--awb-background-size:cover;--awb-flex-wrap:wrap;\" data-bg=\"https:\/\/marly-distribution.com\/wp-content\/uploads\/2024\/04\/photo-vaches-traitement.jpg\" data-bg-gradient=\"linear-gradient(0deg, rgba(91,144,125,0.5) 0%,rgba(91,144,125,0.11) 0%)\" ><div class=\"fusion-builder-row fusion-row fusion-flex-align-items-center fusion-flex-align-content-flex-start fusion-flex-content-wrap\" style=\"max-width:1365px;margin-left: calc(-5% \/ 2 );margin-right: calc(-5% \/ 2 );\"><div class=\"fusion-layout-column fusion_builder_column fusion-builder-column-0 fusion_builder_column_1_1 1_1 fusion-flex-column fusion-flex-align-self-flex-start\" style=\"--awb-padding-right:10%;--awb-padding-left:10%;--awb-overflow:hidden;--awb-bg-color:rgba(251,247,243,0.9);--awb-bg-color-hover:rgba(251,247,243,0.9);--awb-bg-size:cover;--awb-border-radius:10px 10px 10px 10px;--awb-width-large:100%;--awb-margin-top-large:0px;--awb-spacing-right-large:2.375%;--awb-margin-bottom-large:20px;--awb-spacing-left-large:2.375%;--awb-width-medium:100%;--awb-order-medium:0;--awb-spacing-right-medium:2.375%;--awb-spacing-left-medium:2.375%;--awb-width-small:100%;--awb-order-small:0;--awb-spacing-right-small:2.375%;--awb-spacing-left-small:2.375%;\" data-motion-effects=\"[{&quot;type&quot;:&quot;&quot;,&quot;scroll_type&quot;:&quot;transition&quot;,&quot;scroll_direction&quot;:&quot;up&quot;,&quot;transition_speed&quot;:&quot;1&quot;,&quot;fade_type&quot;:&quot;in&quot;,&quot;scale_type&quot;:&quot;up&quot;,&quot;initial_scale&quot;:&quot;1&quot;,&quot;max_scale&quot;:&quot;1.5&quot;,&quot;min_scale&quot;:&quot;0.5&quot;,&quot;initial_rotate&quot;:&quot;0&quot;,&quot;end_rotate&quot;:&quot;30&quot;,&quot;initial_blur&quot;:&quot;0&quot;,&quot;end_blur&quot;:&quot;3&quot;,&quot;start_element&quot;:&quot;top&quot;,&quot;start_viewport&quot;:&quot;bottom&quot;,&quot;end_element&quot;:&quot;bottom&quot;,&quot;end_viewport&quot;:&quot;top&quot;,&quot;mouse_effect&quot;:&quot;track&quot;,&quot;mouse_effect_direction&quot;:&quot;opposite&quot;,&quot;mouse_effect_speed&quot;:&quot;2&quot;,&quot;infinite_animation&quot;:&quot;float&quot;,&quot;infinite_animation_speed&quot;:&quot;2&quot;}]\" data-scroll-devices=\"small-visibility,medium-visibility,large-visibility\"><div class=\"fusion-column-wrapper fusion-column-has-shadow fusion-flex-justify-content-flex-start fusion-content-layout-column\"><div class=\"fusion-title title fusion-title-1 fusion-sep-none fusion-title-center fusion-title-text fusion-title-size-one\" style=\"--awb-text-color:var(--awb-color7);--awb-text-stroke-color:var(--awb-color8);\"><h1 class=\"fusion-title-heading title-heading-center\" style=\"margin:0;\">Pourquoi <span class=\"fusion-highlight custom-textcolor highlight1 fusion-text-has-stroke\" style=\"--awb-text-color:hsla(var(--awb-color5-h),var(--awb-color5-s),var(--awb-color5-l),calc(var(--awb-color5-a) - 100%));\">manger local <\/span> a son importance\u00a0 ?<\/h1><\/div><div class=\"fusion-separator fusion-full-width-sep\" style=\"align-self: center;margin-left: auto;margin-right: auto;width:100%;\"><\/div><div class=\"fusion-text fusion-text-1\" style=\"--awb-font-size:18px;--awb-line-height:1.5;--awb-text-color:var(--awb-color7);\"><p style=\"text-align: center;\">Manger local limite les transports d\u00e9coulant des multiples acheminements de produits alimentaires sur leur lieu de distribution et donc les \u00e9missions de gaz \u00e0 effet de serre. Manger local permet enfin de soutenir l\u2019activit\u00e9 \u00e9conomique des producteurs fran\u00e7ais partout sur le territoire.<\/p>\n<p style=\"text-align: center;\"><em>Source : Ademe<\/em><\/p>\n<\/div><\/div><\/div><div class=\"fusion-layout-column fusion_builder_column fusion-builder-column-1 fusion_builder_column_1_2 1_2 fusion-flex-column fusion-flex-align-self-center fusion-animated\" style=\"--awb-padding-right:20px;--awb-padding-left:20px;--awb-bg-color:rgba(255,255,255,0);--awb-bg-color-hover:rgba(255,255,255,0);--awb-bg-size:cover;--awb-width-large:50%;--awb-margin-top-large:20px;--awb-spacing-right-large:19%;--awb-margin-bottom-large:20px;--awb-spacing-left-large:19%;--awb-width-medium:50%;--awb-order-medium:0;--awb-spacing-right-medium:19%;--awb-spacing-left-medium:19%;--awb-width-small:100%;--awb-order-small:0;--awb-spacing-right-small:2.375%;--awb-spacing-left-small:2.375%;\" data-animationType=\"fadeInLeft\" data-animationDuration=\"1.0\" data-animationOffset=\"top-into-view\" data-motion-effects=\"[{&quot;type&quot;:&quot;&quot;,&quot;scroll_type&quot;:&quot;transition&quot;,&quot;scroll_direction&quot;:&quot;up&quot;,&quot;transition_speed&quot;:&quot;1&quot;,&quot;fade_type&quot;:&quot;in&quot;,&quot;scale_type&quot;:&quot;up&quot;,&quot;initial_scale&quot;:&quot;1&quot;,&quot;max_scale&quot;:&quot;1.5&quot;,&quot;min_scale&quot;:&quot;0.5&quot;,&quot;initial_rotate&quot;:&quot;0&quot;,&quot;end_rotate&quot;:&quot;30&quot;,&quot;initial_blur&quot;:&quot;0&quot;,&quot;end_blur&quot;:&quot;3&quot;,&quot;start_element&quot;:&quot;top&quot;,&quot;start_viewport&quot;:&quot;bottom&quot;,&quot;end_element&quot;:&quot;bottom&quot;,&quot;end_viewport&quot;:&quot;top&quot;,&quot;mouse_effect&quot;:&quot;track&quot;,&quot;mouse_effect_direction&quot;:&quot;opposite&quot;,&quot;mouse_effect_speed&quot;:&quot;2&quot;,&quot;infinite_animation&quot;:&quot;float&quot;,&quot;infinite_animation_speed&quot;:&quot;2&quot;}]\" data-scroll-devices=\"small-visibility,medium-visibility,large-visibility\"><div class=\"fusion-column-wrapper fusion-column-has-shadow fusion-flex-justify-content-center fusion-content-layout-column\"><div class=\"fusion-title title fusion-title-2 fusion-no-small-visibility fusion-no-medium-visibility fusion-sep-none fusion-title-text fusion-title-size-two\" style=\"--awb-text-color:var(--awb-color1);--awb-margin-bottom:1.5vw;--awb-margin-bottom-small:40px;--awb-font-size:38px;\"><h2 class=\"fusion-title-heading title-heading-left\" style=\"font-family:var(--awb-typography1-font-family);font-weight:var(--awb-typography1-font-weight);font-style:var(--awb-typography1-font-style);margin:0;font-size:1em;line-height:1.2;text-shadow:3px #0f0f0f;\"><p style=\"text-align: left;\">Nos Engagements<\/p><\/h2><\/div><div class=\"fusion-title title fusion-title-3 fusion-no-large-visibility fusion-sep-none fusion-title-text fusion-title-size-two\" style=\"--awb-text-color:var(--awb-color1);--awb-margin-bottom:1.5vw;--awb-margin-bottom-small:40px;--awb-font-size:28px;\"><h2 class=\"fusion-title-heading title-heading-left\" style=\"font-family:var(--awb-typography1-font-family);font-weight:var(--awb-typography1-font-weight);font-style:var(--awb-typography1-font-style);margin:0;font-size:1em;line-height:1.2;text-shadow:3px #0f0f0f;\"><p style=\"text-align: left;\">Nos Engagements<\/p><\/h2><\/div><div class=\"fusion-text fusion-text-2\" style=\"--awb-font-size:18px;--awb-text-color:var(--awb-color1);--awb-text-font-family:var(--awb-typography4-font-family);--awb-text-font-weight:var(--awb-typography4-font-weight);--awb-text-font-style:var(--awb-typography4-font-style);\"><p style=\"text-align: left;\"><strong>Notre entreprise est engag\u00e9e dans une d\u00e9marche RSE adapt\u00e9e aux h\u00f4tels \u00e9toil\u00e9s. Nous favorisons les producteurs locaux, les produits bio et durables, et nous nous effor\u00e7ons de r\u00e9duire notre impact environnemental. Nous offrons \u00e9galement une gamme de produits adapt\u00e9s aux contraintes sanitaires.<\/strong><\/p>\n<\/div><div class=\"fusion-image-element \" style=\"--awb-caption-title-font-family:var(--h2_typography-font-family);--awb-caption-title-font-weight:var(--h2_typography-font-weight);--awb-caption-title-font-style:var(--h2_typography-font-style);--awb-caption-title-size:var(--h2_typography-font-size);--awb-caption-title-transform:var(--h2_typography-text-transform);--awb-caption-title-line-height:var(--h2_typography-line-height);--awb-caption-title-letter-spacing:var(--h2_typography-letter-spacing);\"><span class=\" fusion-imageframe imageframe-none imageframe-1 hover-type-none\"><img decoding=\"async\" width=\"776\" height=\"182\" title=\"LOGO-picto-X3l\" src=\"https:\/\/marly-distribution.com\/wp-content\/uploads\/2024\/04\/LOGO-picto-X3l.png\" data-orig-src=\"https:\/\/marly-distribution.com\/wp-content\/uploads\/2024\/04\/LOGO-picto-X3l.png\" alt class=\"lazyload img-responsive wp-image-2903\" srcset=\"data:image\/svg+xml,%3Csvg%20xmlns%3D%27http%3A%2F%2Fwww.w3.org%2F2000%2Fsvg%27%20width%3D%27776%27%20height%3D%27182%27%20viewBox%3D%270%200%20776%20182%27%3E%3Crect%20width%3D%27776%27%20height%3D%27182%27%20fill-opacity%3D%220%22%2F%3E%3C%2Fsvg%3E\" data-srcset=\"https:\/\/marly-distribution.com\/wp-content\/uploads\/2024\/04\/LOGO-picto-X3l-200x47.png 200w, https:\/\/marly-distribution.com\/wp-content\/uploads\/2024\/04\/LOGO-picto-X3l-400x94.png 400w, https:\/\/marly-distribution.com\/wp-content\/uploads\/2024\/04\/LOGO-picto-X3l-600x141.png 600w, https:\/\/marly-distribution.com\/wp-content\/uploads\/2024\/04\/LOGO-picto-X3l.png 776w\" data-sizes=\"auto\" data-orig-sizes=\"(max-width: 700px) 100vw, 400px\" \/><\/span><\/div><\/div><\/div><div class=\"fusion-layout-column fusion_builder_column fusion-builder-column-2 fusion_builder_column_1_3 1_3 fusion-flex-column\" style=\"--awb-bg-size:cover;--awb-width-large:33.333333333333%;--awb-margin-top-large:0px;--awb-spacing-right-large:7.125%;--awb-margin-bottom-large:20px;--awb-spacing-left-large:7.125%;--awb-width-medium:33.333333333333%;--awb-order-medium:0;--awb-spacing-right-medium:7.125%;--awb-spacing-left-medium:7.125%;--awb-width-small:100%;--awb-order-small:0;--awb-spacing-right-small:2.375%;--awb-spacing-left-small:2.375%;\"><div class=\"fusion-column-wrapper fusion-column-has-shadow fusion-flex-justify-content-flex-start fusion-content-layout-column\"><div style=\"text-align:center;\"><a class=\"fusion-button button-flat button-xlarge button-custom fusion-button-default button-1 fusion-button-default-span fusion-button-default-type\" style=\"--button_accent_color:var(--awb-color5);--button_border_color:var(--awb-color5);--button_accent_hover_color:var(--awb-color1);--button_border_hover_color:var(--awb-color5);--button_border_width-top:1px;--button_border_width-right:1px;--button_border_width-bottom:1px;--button_border_width-left:1px;--button_gradient_top_color:var(--awb-color1);--button_gradient_bottom_color:var(--awb-color1);--button_gradient_top_color_hover:var(--awb-color5);--button_gradient_bottom_color_hover:var(--awb-color5);--button_margin-top:40px;\" target=\"_self\" href=\"https:\/\/marly-distribution.com\/index.php\/contact\/\"><span class=\"fusion-button-text\">Contactez-nous<\/span><\/a><\/div><\/div><\/div><div class=\"fusion-layout-column fusion_builder_column fusion-builder-column-3 fusion_builder_column_1_1 1_1 fusion-flex-column\" style=\"--awb-bg-size:cover;--awb-width-large:100%;--awb-margin-top-large:-30%;--awb-spacing-right-large:2.375%;--awb-margin-bottom-large:20px;--awb-spacing-left-large:2.375%;--awb-width-medium:100%;--awb-order-medium:0;--awb-spacing-right-medium:2.375%;--awb-spacing-left-medium:2.375%;--awb-width-small:100%;--awb-order-small:0;--awb-spacing-right-small:2.375%;--awb-spacing-left-small:2.375%;\" data-motion-effects=\"[{&quot;type&quot;:&quot;&quot;,&quot;scroll_type&quot;:&quot;transition&quot;,&quot;scroll_direction&quot;:&quot;up&quot;,&quot;transition_speed&quot;:&quot;1&quot;,&quot;fade_type&quot;:&quot;in&quot;,&quot;scale_type&quot;:&quot;up&quot;,&quot;initial_scale&quot;:&quot;1&quot;,&quot;max_scale&quot;:&quot;1.5&quot;,&quot;min_scale&quot;:&quot;0.5&quot;,&quot;initial_rotate&quot;:&quot;0&quot;,&quot;end_rotate&quot;:&quot;30&quot;,&quot;initial_blur&quot;:&quot;0&quot;,&quot;end_blur&quot;:&quot;3&quot;,&quot;start_element&quot;:&quot;top&quot;,&quot;start_viewport&quot;:&quot;bottom&quot;,&quot;end_element&quot;:&quot;bottom&quot;,&quot;end_viewport&quot;:&quot;top&quot;,&quot;mouse_effect&quot;:&quot;track&quot;,&quot;mouse_effect_direction&quot;:&quot;opposite&quot;,&quot;mouse_effect_speed&quot;:&quot;2&quot;,&quot;infinite_animation&quot;:&quot;float&quot;,&quot;infinite_animation_speed&quot;:&quot;2&quot;}]\" data-scroll-devices=\"small-visibility,medium-visibility,large-visibility\"><div class=\"fusion-column-wrapper fusion-column-has-shadow fusion-flex-justify-content-flex-end fusion-content-layout-column\"><div class=\"fusion-image-element \" style=\"text-align:center;--awb-max-width:100%;--awb-caption-title-font-family:var(--h2_typography-font-family);--awb-caption-title-font-weight:var(--h2_typography-font-weight);--awb-caption-title-font-style:var(--h2_typography-font-style);--awb-caption-title-size:var(--h2_typography-font-size);--awb-caption-title-transform:var(--h2_typography-text-transform);--awb-caption-title-line-height:var(--h2_typography-line-height);--awb-caption-title-letter-spacing:var(--h2_typography-letter-spacing);\"><span class=\" fusion-imageframe imageframe-none imageframe-2 hover-type-none\"><img decoding=\"async\" width=\"1900\" height=\"643\" title=\"LigneEngagementBlanc\" src=\"https:\/\/marly-distribution.com\/wp-content\/uploads\/2024\/04\/LigneEngagementBlanc.png\" data-orig-src=\"https:\/\/marly-distribution.com\/wp-content\/uploads\/2024\/04\/LigneEngagementBlanc.png\" alt class=\"lazyload img-responsive wp-image-2906\" srcset=\"data:image\/svg+xml,%3Csvg%20xmlns%3D%27http%3A%2F%2Fwww.w3.org%2F2000%2Fsvg%27%20width%3D%271900%27%20height%3D%27643%27%20viewBox%3D%270%200%201900%20643%27%3E%3Crect%20width%3D%271900%27%20height%3D%27643%27%20fill-opacity%3D%220%22%2F%3E%3C%2Fsvg%3E\" data-srcset=\"https:\/\/marly-distribution.com\/wp-content\/uploads\/2024\/04\/LigneEngagementBlanc-200x68.png 200w, https:\/\/marly-distribution.com\/wp-content\/uploads\/2024\/04\/LigneEngagementBlanc-400x135.png 400w, https:\/\/marly-distribution.com\/wp-content\/uploads\/2024\/04\/LigneEngagementBlanc-600x203.png 600w, https:\/\/marly-distribution.com\/wp-content\/uploads\/2024\/04\/LigneEngagementBlanc-800x271.png 800w, https:\/\/marly-distribution.com\/wp-content\/uploads\/2024\/04\/LigneEngagementBlanc-1200x406.png 1200w, https:\/\/marly-distribution.com\/wp-content\/uploads\/2024\/04\/LigneEngagementBlanc.png 1900w\" data-sizes=\"auto\" data-orig-sizes=\"(max-width: 700px) 100vw, 1900px\" \/><\/span><\/div><\/div><\/div><\/div><\/div>\n","protected":false},"excerpt":{"rendered":"","protected":false},"author":2,"featured_media":0,"parent":0,"menu_order":0,"comment_status":"closed","ping_status":"closed","template":"100-width.php","meta":{"content-type":"","footnotes":""},"acf":[],"yoast_head":"<!-- This site is optimized with the Yoast SEO plugin v22.3 - https:\/\/yoast.com\/wordpress\/plugins\/seo\/ -->\n<title>Nos engagements - Marly Distribution<\/title>\n<meta name=\"robots\" content=\"index, follow, max-snippet:-1, max-image-preview:large, max-video-preview:-1\" \/>\n<link rel=\"canonical\" href=\"https:\/\/marly-distribution.com\/index.php\/nos-engagements\/\" \/>\n<meta property=\"og:locale\" content=\"fr_FR\" \/>\n<meta property=\"og:type\" content=\"article\" \/>\n<meta property=\"og:title\" content=\"Nos engagements - Marly Distribution\" \/>\n<meta property=\"og:url\" content=\"https:\/\/marly-distribution.com\/index.php\/nos-engagements\/\" \/>\n<meta property=\"og:site_name\" content=\"Marly Distribution\" \/>\n<meta property=\"article:modified_time\" content=\"2024-04-26T14:15:31+00:00\" \/>\n<meta name=\"twitter:card\" content=\"summary_large_image\" \/>\n<meta name=\"twitter:label1\" content=\"Dur\u00e9e de lecture estim\u00e9e\" \/>\n\t<meta name=\"twitter:data1\" content=\"1 minute\" \/>\n<script type=\"application\/ld+json\" class=\"yoast-schema-graph\">{\"@context\":\"https:\/\/schema.org\",\"@graph\":[{\"@type\":\"WebPage\",\"@id\":\"https:\/\/marly-distribution.com\/index.php\/nos-engagements\/\",\"url\":\"https:\/\/marly-distribution.com\/index.php\/nos-engagements\/\",\"name\":\"Nos engagements - Marly Distribution\",\"isPartOf\":{\"@id\":\"https:\/\/marly-distribution.com\/#website\"},\"datePublished\":\"2023-10-12T12:30:54+00:00\",\"dateModified\":\"2024-04-26T14:15:31+00:00\",\"breadcrumb\":{\"@id\":\"https:\/\/marly-distribution.com\/index.php\/nos-engagements\/#breadcrumb\"},\"inLanguage\":\"fr-FR\",\"potentialAction\":[{\"@type\":\"ReadAction\",\"target\":[\"https:\/\/marly-distribution.com\/index.php\/nos-engagements\/\"]}]},{\"@type\":\"BreadcrumbList\",\"@id\":\"https:\/\/marly-distribution.com\/index.php\/nos-engagements\/#breadcrumb\",\"itemListElement\":[{\"@type\":\"ListItem\",\"position\":1,\"name\":\"Accueil\",\"item\":\"https:\/\/marly-distribution.com\/\"},{\"@type\":\"ListItem\",\"position\":2,\"name\":\"Nos engagements\"}]},{\"@type\":\"WebSite\",\"@id\":\"https:\/\/marly-distribution.com\/#website\",\"url\":\"https:\/\/marly-distribution.com\/\",\"name\":\"Marly Distribution\",\"description\":\"\",\"potentialAction\":[{\"@type\":\"SearchAction\",\"target\":{\"@type\":\"EntryPoint\",\"urlTemplate\":\"https:\/\/marly-distribution.com\/?s={search_term_string}\"},\"query-input\":\"required name=search_term_string\"}],\"inLanguage\":\"fr-FR\"}]}<\/script>\n<!-- \/ Yoast SEO plugin. -->","yoast_head_json":{"title":"Nos engagements - Marly Distribution","robots":{"index":"index","follow":"follow","max-snippet":"max-snippet:-1","max-image-preview":"max-image-preview:large","max-video-preview":"max-video-preview:-1"},"canonical":"https:\/\/marly-distribution.com\/index.php\/nos-engagements\/","og_locale":"fr_FR","og_type":"article","og_title":"Nos engagements - Marly Distribution","og_url":"https:\/\/marly-distribution.com\/index.php\/nos-engagements\/","og_site_name":"Marly Distribution","article_modified_time":"2024-04-26T14:15:31+00:00","twitter_card":"summary_large_image","twitter_misc":{"Dur\u00e9e de lecture estim\u00e9e":"1 minute"},"schema":{"@context":"https:\/\/schema.org","@graph":[{"@type":"WebPage","@id":"https:\/\/marly-distribution.com\/index.php\/nos-engagements\/","url":"https:\/\/marly-distribution.com\/index.php\/nos-engagements\/","name":"Nos engagements - Marly Distribution","isPartOf":{"@id":"https:\/\/marly-distribution.com\/#website"},"datePublished":"2023-10-12T12:30:54+00:00","dateModified":"2024-04-26T14:15:31+00:00","breadcrumb":{"@id":"https:\/\/marly-distribution.com\/index.php\/nos-engagements\/#breadcrumb"},"inLanguage":"fr-FR","potentialAction":[{"@type":"ReadAction","target":["https:\/\/marly-distribution.com\/index.php\/nos-engagements\/"]}]},{"@type":"BreadcrumbList","@id":"https:\/\/marly-distribution.com\/index.php\/nos-engagements\/#breadcrumb","itemListElement":[{"@type":"ListItem","position":1,"name":"Accueil","item":"https:\/\/marly-distribution.com\/"},{"@type":"ListItem","position":2,"name":"Nos engagements"}]},{"@type":"WebSite","@id":"https:\/\/marly-distribution.com\/#website","url":"https:\/\/marly-distribution.com\/","name":"Marly Distribution","description":"","potentialAction":[{"@type":"SearchAction","target":{"@type":"EntryPoint","urlTemplate":"https:\/\/marly-distribution.com\/?s={search_term_string}"},"query-input":"required name=search_term_string"}],"inLanguage":"fr-FR"}]}},"_links":{"self":[{"href":"https:\/\/marly-distribution.com\/index.php\/wp-json\/wp\/v2\/pages\/2193"}],"collection":[{"href":"https:\/\/marly-distribution.com\/index.php\/wp-json\/wp\/v2\/pages"}],"about":[{"href":"https:\/\/marly-distribution.com\/index.php\/wp-json\/wp\/v2\/types\/page"}],"author":[{"embeddable":true,"href":"https:\/\/marly-distribution.com\/index.php\/wp-json\/wp\/v2\/users\/2"}],"replies":[{"embeddable":true,"href":"https:\/\/marly-distribution.com\/index.php\/wp-json\/wp\/v2\/comments?post=2193"}],"version-history":[{"count":145,"href":"https:\/\/marly-distribution.com\/index.php\/wp-json\/wp\/v2\/pages\/2193\/revisions"}],"predecessor-version":[{"id":2988,"href":"https:\/\/marly-distribution.com\/index.php\/wp-json\/wp\/v2\/pages\/2193\/revisions\/2988"}],"wp:attachment":[{"href":"https:\/\/marly-distribution.com\/index.php\/wp-json\/wp\/v2\/media?parent=2193"}],"curies":[{"name":"wp","href":"https:\/\/api.w.org\/{rel}","templated":true}]}}