{"id":1406,"date":"2020-10-21T14:47:40","date_gmt":"2020-10-21T14:47:40","guid":{"rendered":"https:\/\/marly-distribution.com\/?page_id=1406"},"modified":"2024-03-29T16:43:53","modified_gmt":"2024-03-29T15:43:53","slug":"histoire","status":"publish","type":"page","link":"https:\/\/marly-distribution.com\/index.php\/histoire\/","title":{"rendered":"Notre histoire"},"content":{"rendered":"<p><div class=\"fusion-bg-parallax\" data-bg-align=\"center center\" data-direction=\"down\" data-mute=\"false\" data-opacity=\"100\" data-velocity=\"-0.2\" data-mobile-enabled=\"true\" data-break_parents=\"0\" data-bg-image=\"https:\/\/marly-distribution.com\/wp-content\/uploads\/2024\/03\/LivreurMarly2L.jpg\" data-bg-repeat=\"false\" data-bg-gradient-type=\"linear\" data-bg-gradient-angle=\"0\" data-bg-gradient-start-color=\"#1a4d9c\" data-bg-gradient-start-position=\"0\" data-bg-gradient-end-color=\"rgba(26,77,156,0)\" data-bg-gradient-end-position=\"35\" data-bg-radial-direction=\"center center\" ><\/div><div class=\"fusion-fullwidth fullwidth-box fusion-builder-row-1 fusion-flex-container has-pattern-background has-mask-background fusion-parallax-down nonhundred-percent-fullwidth non-hundred-percent-height-scrolling lazyload\" style=\"--awb-border-radius-top-left:0px;--awb-border-radius-top-right:0px;--awb-border-radius-bottom-right:0px;--awb-border-radius-bottom-left:0px;--awb-padding-top:8vw;--awb-padding-bottom:8vw;--awb-padding-top-small:12vw;--awb-padding-bottom-small:12vw;--awb-margin-bottom:-3px;--awb-background-image:linear-gradient(0deg, #1a4d9c 0%,rgba(26,77,156,0) 35%);;--awb-background-size:contain;--awb-flex-wrap:wrap;\" data-bg=\"https:\/\/marly-distribution.com\/wp-content\/uploads\/2024\/03\/LivreurMarly2L.jpg\" data-bg-gradient=\"linear-gradient(0deg, #1a4d9c 0%,rgba(26,77,156,0) 35%)\" ><div class=\"fusion-builder-row fusion-row fusion-flex-align-items-center fusion-flex-content-wrap\" style=\"max-width:1365px;margin-left: calc(-5% \/ 2 );margin-right: calc(-5% \/ 2 );\"><div class=\"fusion-layout-column fusion_builder_column fusion-builder-column-0 fusion_builder_column_1_1 1_1 fusion-flex-column fusion-flex-align-self-flex-start fusion-animated\" style=\"--awb-padding-right:20px;--awb-padding-left:20px;--awb-bg-image:linear-gradient(73deg, rgba(0,64,112,0.5) 0%,rgba(0,89,145,0.5) 100%);--awb-bg-size:cover;--awb-width-large:100%;--awb-margin-top-large:20px;--awb-spacing-right-large:9.5%;--awb-margin-bottom-large:20px;--awb-spacing-left-large:9.5%;--awb-width-medium:100%;--awb-order-medium:0;--awb-spacing-right-medium:9.5%;--awb-spacing-left-medium:9.5%;--awb-width-small:100%;--awb-order-small:0;--awb-spacing-right-small:2.375%;--awb-spacing-left-small:2.375%;\" data-animationType=\"fadeInLeft\" data-animationDuration=\"1.0\" data-animationOffset=\"top-into-view\" data-motion-effects=\"[]\" data-scroll-devices=\"small-visibility,medium-visibility,large-visibility\"><div class=\"fusion-column-wrapper fusion-column-has-shadow fusion-flex-justify-content-center fusion-content-layout-column\"><div class=\"fusion-title title fusion-title-1 fusion-no-small-visibility fusion-no-medium-visibility fusion-sep-none fusion-title-text fusion-title-size-two\" style=\"--awb-text-color:var(--awb-color1);--awb-margin-bottom:1.5vw;--awb-margin-bottom-small:40px;--awb-font-size:35px;\"><h2 class=\"fusion-title-heading title-heading-left\" style=\"font-family:var(--awb-typography1-font-family);font-weight:var(--awb-typography1-font-weight);font-style:var(--awb-typography1-font-style);margin:0;font-size:1em;line-height:1.2;text-shadow:3px #0f0f0f;\"><p style=\"text-align: center;\">Au service de l\u2019h\u00f4tellerie \u00e0 Paris et en \u00cele-de-France depuis 1974<\/p><\/h2><\/div><div class=\"fusion-title title fusion-title-2 fusion-no-large-visibility fusion-sep-none fusion-title-text fusion-title-size-two\" style=\"--awb-text-color:var(--awb-color1);--awb-margin-bottom:1.5vw;--awb-margin-bottom-small:40px;--awb-font-size:25px;\"><h2 class=\"fusion-title-heading title-heading-left\" style=\"font-family:var(--awb-typography1-font-family);font-weight:var(--awb-typography1-font-weight);font-style:var(--awb-typography1-font-style);margin:0;font-size:1em;line-height:1.2;text-shadow:3px #0f0f0f;\"><p style=\"text-align: center;\">Au service de l\u2019h\u00f4tellerie \u00e0 Paris et en \u00cele de France depuis 1974<\/p><\/h2><\/div><div class=\"fusion-text fusion-text-1\" style=\"--awb-content-alignment:center;--awb-font-size:20px;--awb-line-height:1.5;--awb-letter-spacing:0.5px;--awb-text-transform:none;--awb-text-color:var(--awb-color1);--awb-text-font-family:var(--awb-typography4-font-family);--awb-text-font-weight:var(--awb-typography4-font-weight);--awb-text-font-style:var(--awb-typography4-font-style);\"><p style=\"text-align: center;\">Notre histoire d\u00e9bute en 1974, avec la cr\u00e9ation d\u2019une entreprise de distribution standard. Pour vendre ses cartons de confiture en gros, le fondateur, Claude Gournac, a une id\u00e9e qui va orienter la sp\u00e9cialisation de son activit\u00e9. Plut\u00f4t que de vendre 5 cartons de 120 confitures mono-parfum, il va se mettre \u00e0 m\u00e9langer les pots pour proposer des cartons de 120 confitures aux 5 parfums assortis.<\/p>\n<p style=\"text-align: center;\">Cela para\u00eet anodin mais cette offre va grandement int\u00e9resser l\u2019h\u00f4tellerie parisienne. En effet, les h\u00f4teliers vont pouvoir r\u00e9duire leur stock tout en continuant d\u2019acheter en gros\u202f! Pour la petite anecdote, la demande \u00e9tait telle que le m\u00e9lange des parfums est devenu une vraie expertise. Il suffisait d\u2019une heure \u00e0 Claude pour d\u00e9faire et recomposer 103 cartons\u202f!<\/p>\n<\/div><div class=\"fusion-title title fusion-title-3 fusion-sep-none fusion-title-text fusion-title-size-two\" style=\"--awb-text-color:var(--awb-color1);--awb-margin-bottom:1.5vw;--awb-margin-bottom-small:40px;--awb-font-size:24px;\"><h2 class=\"fusion-title-heading title-heading-left\" style=\"font-family:var(--awb-typography4-font-family);font-weight:var(--awb-typography4-font-weight);font-style:var(--awb-typography4-font-style);margin:0;font-size:1em;letter-spacing:var(--awb-typography4-letter-spacing);text-transform:var(--awb-typography4-text-transform);line-height:var(--awb-typography4-line-height);text-shadow:3px #0f0f0f;\"><p style=\"text-align: center;\">C\u2019est ainsi que notre identit\u00e9 a \u00e9t\u00e9 d\u00e9finie.<\/p><\/h2><\/div><\/div><\/div><\/div><\/div><div class=\"fusion-fullwidth fullwidth-box fusion-builder-row-2 fusion-flex-container has-pattern-background has-mask-background fusion-parallax-none nonhundred-percent-fullwidth non-hundred-percent-height-scrolling lazyload\" style=\"--awb-background-position:right center;--awb-border-radius-top-left:0px;--awb-border-radius-top-right:0px;--awb-border-radius-bottom-right:0px;--awb-border-radius-bottom-left:0px;--awb-padding-top:60px;--awb-padding-right:20px;--awb-padding-bottom:20px;--awb-padding-left:20px;--awb-padding-top-medium:8vw;--awb-padding-bottom-medium:8vw;--awb-padding-top-small:14vw;--awb-padding-bottom-small:14vw;--awb-margin-bottom:0px;--awb-background-color:var(--awb-color7);--awb-background-size:contain;--awb-flex-wrap:wrap;\" data-bg=\"https:\/\/marly-distribution.com\/wp-content\/uploads\/2024\/03\/dessinparisfondmarly2.png\" ><div class=\"fusion-builder-row fusion-row fusion-flex-align-items-center fusion-flex-content-wrap\" style=\"max-width:calc( 1300px + 3vw );margin-left: calc(-3vw \/ 2 );margin-right: calc(-3vw \/ 2 );\"><div class=\"fusion-layout-column fusion_builder_column fusion-builder-column-1 fusion_builder_column_1_1 1_1 fusion-flex-column fusion-flex-align-self-flex-start\" style=\"--awb-bg-size:cover;--awb-width-large:100%;--awb-margin-top-large:0px;--awb-spacing-right-large:1.5vw;--awb-margin-bottom-large:20px;--awb-spacing-left-large:1.5vw;--awb-width-medium:100%;--awb-order-medium:0;--awb-spacing-right-medium:1.5vw;--awb-spacing-left-medium:1.5vw;--awb-width-small:100%;--awb-order-small:0;--awb-spacing-right-small:1.5vw;--awb-spacing-left-small:1.5vw;\" data-motion-effects=\"[{&quot;type&quot;:&quot;&quot;,&quot;scroll_type&quot;:&quot;transition&quot;,&quot;scroll_direction&quot;:&quot;up&quot;,&quot;transition_speed&quot;:&quot;1&quot;,&quot;fade_type&quot;:&quot;in&quot;,&quot;scale_type&quot;:&quot;up&quot;,&quot;initial_scale&quot;:&quot;1&quot;,&quot;max_scale&quot;:&quot;1.5&quot;,&quot;min_scale&quot;:&quot;0.5&quot;,&quot;initial_rotate&quot;:&quot;0&quot;,&quot;end_rotate&quot;:&quot;30&quot;,&quot;initial_blur&quot;:&quot;0&quot;,&quot;end_blur&quot;:&quot;3&quot;,&quot;start_element&quot;:&quot;top&quot;,&quot;start_viewport&quot;:&quot;bottom&quot;,&quot;end_element&quot;:&quot;bottom&quot;,&quot;end_viewport&quot;:&quot;top&quot;,&quot;mouse_effect&quot;:&quot;track&quot;,&quot;mouse_effect_direction&quot;:&quot;opposite&quot;,&quot;mouse_effect_speed&quot;:&quot;2&quot;,&quot;infinite_animation&quot;:&quot;float&quot;,&quot;infinite_animation_speed&quot;:&quot;2&quot;}]\" data-scroll-devices=\"small-visibility,medium-visibility,large-visibility\"><div class=\"fusion-column-wrapper fusion-column-has-shadow fusion-flex-justify-content-flex-start fusion-content-layout-column\"><div class=\"fusion-title title fusion-title-4 fusion-sep-none fusion-title-center fusion-title-highlight fusion-loop-off fusion-highlight-circle fusion-title-size-two fusion-text-has-stroke\" style=\"--awb-text-color:var(--awb-color1);--awb-highlight-color:var(--awb-color5);--awb-highlight-width:3;--awb-margin-bottom:10px;--awb-text-stroke-color:rgba(255,255,255,0.6);--awb-font-size:40px;\" data-highlight=\"circle\"><h2 class=\"fusion-title-heading title-heading-center\" style=\"margin:0;font-size:1em;text-transform:none;line-height:30px;text-shadow:0px 0px 10px rgba(255,255,255,0.2);\"><span class=\"fusion-highlighted-text-prefix\">Un service de qualit\u00e9<\/span> <span class=\"fusion-highlighted-text-wrapper\"><span class=\"fusion-highlighted-text\">cibl\u00e9 pour vous <\/span><\/span> <span class=\"fusion-highlighted-text-postfix\">!<\/span><\/h2><\/div><\/div><\/div><div class=\"fusion-layout-column fusion_builder_column fusion-builder-column-2 fusion_builder_column_1_1 1_1 fusion-flex-column fusion-flex-align-self-center\" style=\"--awb-bg-size:cover;--awb-width-large:100%;--awb-margin-top-large:0px;--awb-spacing-right-large:1.5vw;--awb-margin-bottom-large:20px;--awb-spacing-left-large:1.5vw;--awb-width-medium:100%;--awb-order-medium:0;--awb-spacing-right-medium:1.5vw;--awb-spacing-left-medium:1.5vw;--awb-width-small:100%;--awb-order-small:0;--awb-spacing-right-small:1.5vw;--awb-spacing-left-small:1.5vw;\" data-motion-effects=\"[{&quot;type&quot;:&quot;&quot;,&quot;scroll_type&quot;:&quot;transition&quot;,&quot;scroll_direction&quot;:&quot;up&quot;,&quot;transition_speed&quot;:&quot;1&quot;,&quot;fade_type&quot;:&quot;in&quot;,&quot;scale_type&quot;:&quot;up&quot;,&quot;initial_scale&quot;:&quot;1&quot;,&quot;max_scale&quot;:&quot;1.5&quot;,&quot;min_scale&quot;:&quot;0.5&quot;,&quot;initial_rotate&quot;:&quot;0&quot;,&quot;end_rotate&quot;:&quot;30&quot;,&quot;initial_blur&quot;:&quot;0&quot;,&quot;end_blur&quot;:&quot;3&quot;,&quot;start_element&quot;:&quot;top&quot;,&quot;start_viewport&quot;:&quot;bottom&quot;,&quot;end_element&quot;:&quot;bottom&quot;,&quot;end_viewport&quot;:&quot;top&quot;,&quot;mouse_effect&quot;:&quot;track&quot;,&quot;mouse_effect_direction&quot;:&quot;opposite&quot;,&quot;mouse_effect_speed&quot;:&quot;2&quot;,&quot;infinite_animation&quot;:&quot;float&quot;,&quot;infinite_animation_speed&quot;:&quot;2&quot;}]\" data-scroll-devices=\"small-visibility,medium-visibility,large-visibility\"><div class=\"fusion-column-wrapper fusion-column-has-shadow fusion-flex-justify-content-flex-start fusion-content-layout-column\"><div class=\"fusion-content-boxes content-boxes columns row fusion-columns-2 fusion-columns-total-2 fusion-content-boxes-1 content-boxes-clean-vertical content-left content-boxes-icon-on-top fusion-delayed-animation\" style=\"--awb-border-radius-top-left:5px;--awb-border-radius-top-right:5px;--awb-border-radius-bottom-right:5px;--awb-border-radius-bottom-left:5px;--awb-alignment:stretch;--awb-body-color:var(--awb-color1);--awb-title-color:var(--awb-color8);--awb-iconcolor:rgba(255,255,255,0.8);--awb-iconcolor-hover:var(--awb-color1);--awb-circlecolor-hover:var(--awb-color4);--awb-margin-top:15px;--awb-hover-accent-color:var(--awb-color1);--awb-circle-hover-accent-color:transparent;\" data-animation-delay=\"700\" data-animationOffset=\"top-into-view\"><div style=\"--awb-backgroundcolor:rgba(255,255,255,0);--awb-iconcolor:rgba(255,255,255,0.8);--awb-iconcolor-hover:var(--awb-color1);--awb-circlecolor-hover:var(--awb-color4);border-color:rgba(255,255,255,0);\" class=\"fusion-column content-box-column content-box-column content-box-column-1 col-lg-6 col-md-6 col-sm-6 fusion-content-box-hover content-box-column-first-in-row\"><div class=\"col content-box-wrapper content-wrapper link-area-link-icon link-type-button icon-hover-animation-fade fusion-animated\" data-animationType=\"fadeInLeft\" data-animationDuration=\"1.4\" data-animationOffset=\"top-into-view\"><div class=\"heading heading-with-icon icon-left\"><a class=\"heading-link\" href=\"https:\/\/marly-distribution.com\/index.php\/contact\/\" target=\"_self\"><div class=\"icon\" style=\"-webkit-animation-duration: 700ms;animation-duration: 700ms;\"><i style=\"background-color:transparent;border-color:transparent;height:auto;width: 117px;line-height:normal;font-size:117px;\" aria-hidden=\"true\" class=\"fontawesome-icon icon-lineblackcustomer-service circle-no\"><\/i><\/div><\/a><\/div><div class=\"fusion-clearfix\"><\/div><div class=\"content-container\">\n<div class=\"fusion-text fusion-text-2\">\n<p><span class=\"BxUVEf ILfuVd\" lang=\"fr\"><span class=\"hgKElc\">\u2022<\/span><\/span> 28 personnes \u00e0 votre service<br \/>\n<span class=\"BxUVEf ILfuVd\" lang=\"fr\"><span class=\"hgKElc\">\u2022<\/span><\/span> 6 Conseillers<br \/>\n<span class=\"BxUVEf ILfuVd\" lang=\"fr\"><span class=\"hgKElc\">\u2022<\/span><\/span> 3 T\u00e9l\u00e9vendeurs<br \/>\n<span class=\"BxUVEf ILfuVd\" lang=\"fr\"><span class=\"hgKElc\">\u2022<\/span><\/span> 50 ans d\u2019exp\u00e9rience<br \/>\n<span class=\"BxUVEf ILfuVd\" lang=\"fr\"><span class=\"hgKElc\">\u2022<\/span><\/span> 1200 h\u00f4tels satisfaits<\/p>\n<\/div>\n<\/div><div class=\"fusion-clearfix\"><\/div><a class=\"fusion-read-more-button fusion-content-box-button fusion-button button-default fusion-button-default-size button- button-flat\" href=\"https:\/\/marly-distribution.com\/index.php\/contact\/\" target=\"_self\"><span class=\"fusion-button-text\">Nous contacter<\/span><\/a><div class=\"fusion-clearfix\"><\/div><\/div><\/div><div style=\"--awb-backgroundcolor:rgba(255,255,255,0);--awb-iconcolor:rgba(255,255,255,0.8);--awb-iconcolor-hover:var(--awb-color1);--awb-circlecolor-hover:var(--awb-color4);border-color:rgba(255,255,255,0);\" class=\"fusion-column content-box-column content-box-column content-box-column-2 col-lg-6 col-md-6 col-sm-6 fusion-content-box-hover content-box-column-last content-box-column-last-in-row\"><div class=\"col content-box-wrapper content-wrapper link-area-link-icon icon-hover-animation-fade fusion-animated\" data-animationType=\"fadeInRight\" data-animationDuration=\"1.4\" data-animationOffset=\"top-into-view\"><div class=\"heading heading-with-icon icon-left\"><div class=\"icon\" style=\"-webkit-animation-duration: 700ms;animation-duration: 700ms;\"><i style=\"background-color:transparent;border-color:transparent;height:auto;width: 117px;line-height:normal;font-size:117px;\" aria-hidden=\"true\" class=\"fontawesome-icon icon-lineblackdelivery-man circle-no\"><\/i><\/div><\/div><div class=\"fusion-clearfix\"><\/div><div class=\"content-container\">\n<div class=\"fusion-text fusion-text-2\">\n<p><span class=\"BxUVEf ILfuVd\" lang=\"fr\"><span class=\"hgKElc\">\u2022<\/span><\/span> 24h\/24, 7j\/7\u202f: Prises de commandes<br \/>\n<span class=\"BxUVEf ILfuVd\" lang=\"fr\"><span class=\"hgKElc\">\u2022<\/span><\/span> 8 camions de 12 tonnes r\u00e9frig\u00e9r\u00e9s<br \/>\n<span class=\"BxUVEf ILfuVd\" lang=\"fr\"><span class=\"hgKElc\">\u2022<\/span><\/span> 3 camions de 3,5 tonnes surgel\u00e9s<br \/>\n<span class=\"BxUVEf ILfuVd\" lang=\"fr\"><span class=\"hgKElc\">\u2022<\/span><\/span> Livraisons en j+1 du lundi au vendredi<br \/>\n<span class=\"BxUVEf ILfuVd\" lang=\"fr\"><span class=\"hgKElc\">\u2022<\/span><\/span> 1200 m<sup>2<\/sup> de stockage proche de Paris<\/p>\n<\/div>\n<\/div><\/div><\/div><div class=\"fusion-clearfix\"><\/div><\/div><\/div><\/div><\/div><\/div><div class=\"fusion-fullwidth fullwidth-box fusion-builder-row-3 fusion-flex-container has-pattern-background has-mask-background nonhundred-percent-fullwidth non-hundred-percent-height-scrolling fusion-animated\" style=\"--awb-border-color:var(--awb-color4);--awb-border-radius-top-left:0px;--awb-border-radius-top-right:0px;--awb-border-radius-bottom-right:0px;--awb-border-radius-bottom-left:0px;--awb-padding-top:50px;--awb-padding-right:50px;--awb-padding-bottom:50px;--awb-padding-left:50px;--awb-margin-bottom:0px;--awb-flex-wrap:wrap;\" data-animationType=\"fadeInUp\" data-animationDuration=\"1.0\" data-animationOffset=\"top-into-view\" ><div class=\"fusion-builder-row fusion-row fusion-flex-align-items-stretch fusion-flex-content-wrap\" style=\"max-width:1365px;margin-left: calc(-5% \/ 2 );margin-right: calc(-5% \/ 2 );\"><div class=\"fusion-layout-column fusion_builder_column fusion-builder-column-3 fusion_builder_column_2_5 2_5 fusion-flex-column\" style=\"--awb-overflow:hidden;--awb-bg-position:center center;--awb-bg-size:cover;--awb-border-radius:6px 0px 0px 6px;--awb-width-large:40%;--awb-margin-top-large:0px;--awb-spacing-right-large:0;--awb-margin-bottom-large:0px;--awb-spacing-left-large:5.9375%;--awb-width-medium:40%;--awb-order-medium:0;--awb-spacing-right-medium:0;--awb-spacing-left-medium:5.9375%;--awb-width-small:16.666666666667%;--awb-order-small:0;--awb-spacing-right-small:0;--awb-margin-bottom-small:6vw;--awb-spacing-left-small:14.25%;\"><div class=\"fusion-column-wrapper lazyload fusion-column-has-shadow fusion-flex-justify-content-flex-start fusion-content-layout-column fusion-empty-column-bg-image fusion-column-has-bg-image\" data-bg-url=\"https:\/\/marly-distribution.com\/wp-content\/uploads\/2020\/10\/blog-8.jpg\" data-bg=\"https:\/\/marly-distribution.com\/wp-content\/uploads\/2020\/10\/blog-8.jpg\"><img class=\"fusion-empty-dims-img-placeholder fusion-no-large-visibility fusion-no-medium-visibility\" src=\"data:image\/svg+xml,%3Csvg%20xmlns%3D%27http%3A%2F%2Fwww.w3.org%2F2000%2Fsvg%27%20width%3D%272560%27%20height%3D%271548%27%20viewBox%3D%270%200%202560%201548%27%3E%3Crect%20width%3D%272560%27%20height%3D%271548%27%20fill-opacity%3D%220%22%2F%3E%3C%2Fsvg%3E\"><\/div><\/div><div class=\"fusion-layout-column fusion_builder_column fusion-builder-column-4 fusion_builder_column_3_5 3_5 fusion-flex-column\" style=\"--awb-padding-top:10vh;--awb-padding-right:6vw;--awb-padding-bottom:10vh;--awb-padding-left:6vw;--awb-padding-top-medium:8vw;--awb-padding-bottom-medium:8vw;--awb-padding-top-small:7vh;--awb-padding-right-small:7vw;--awb-padding-bottom-small:7vh;--awb-padding-left-small:7vw;--awb-overflow:hidden;--awb-bg-color:var(--awb-color7);--awb-bg-color-hover:var(--awb-color7);--awb-bg-size:cover;--awb-border-radius:0px 6px 6px 0px;--awb-width-large:60%;--awb-margin-top-large:0px;--awb-spacing-right-large:3.9583333333333%;--awb-margin-bottom-large:0px;--awb-spacing-left-large:0;--awb-width-medium:60%;--awb-order-medium:0;--awb-spacing-right-medium:3.9583333333333%;--awb-spacing-left-medium:0;--awb-width-small:83.333333333333%;--awb-order-small:0;--awb-spacing-right-small:2.85%;--awb-margin-bottom-small:6vw;--awb-spacing-left-small:0;\"><div class=\"fusion-column-wrapper fusion-column-has-shadow fusion-flex-justify-content-flex-start fusion-content-layout-column\"><div class=\"fusion-title title fusion-title-5 fusion-sep-none fusion-title-text fusion-title-size-two\" style=\"--awb-text-color:var(--awb-color1);--awb-margin-bottom:20px;\"><h2 class=\"fusion-title-heading title-heading-left\" style=\"margin:0;\">R\u00e9duire notre impact environnemental<\/h2><\/div><div class=\"fusion-text fusion-text-2\" style=\"--awb-content-alignment:left;--awb-font-size:17px;--awb-line-height:1.9;--awb-text-color:var(--awb-color1);\"><p>Notre entreprise est engag\u00e9e dans une d\u00e9marche RSE adapt\u00e9e aux h\u00f4tels \u00e9toil\u00e9s.<\/p>\n<\/div><div style=\"text-align:left;\"><a class=\"fusion-button button-flat fusion-button-default-size button-custom fusion-button-default button-1 fusion-button-default-span fusion-button-default-type\" style=\"--button_accent_color:var(--awb-color7);--button_border_color:var(--awb-color7);--button_accent_hover_color:var(--awb-color5);--button_border_hover_color:var(--awb-color5);--button_border_width-top:0px;--button_border_width-right:0px;--button_border_width-bottom:0px;--button_border_width-left:0px;--button_gradient_top_color:var(--awb-color1);--button_gradient_bottom_color:var(--awb-color1);--button_gradient_top_color_hover:hsla(var(--awb-color1-h),var(--awb-color1-s),var(--awb-color1-l),calc( var(--awb-color1-a) - 5% ));--button_gradient_bottom_color_hover:hsla(var(--awb-color1-h),var(--awb-color1-s),var(--awb-color1-l),calc( var(--awb-color1-a) - 5% ));--button_margin-top:20px;\" target=\"_self\" href=\"https:\/\/marly-distribution.com\/index.php\/nos-engagements\/\"><span class=\"fusion-button-text\">Nos engagements<\/span><\/a><\/div><\/div><\/div><\/div><\/div><\/p>\n","protected":false},"excerpt":{"rendered":"","protected":false},"author":2,"featured_media":0,"parent":0,"menu_order":0,"comment_status":"closed","ping_status":"closed","template":"100-width.php","meta":{"content-type":"","footnotes":""},"acf":[],"yoast_head":"<!-- This site is optimized with the Yoast SEO plugin v22.3 - https:\/\/yoast.com\/wordpress\/plugins\/seo\/ -->\n<title>Notre histoire - Marly Distribution<\/title>\n<meta name=\"robots\" content=\"index, follow, max-snippet:-1, max-image-preview:large, max-video-preview:-1\" \/>\n<link rel=\"canonical\" href=\"https:\/\/marly-distribution.com\/index.php\/histoire\/\" \/>\n<meta property=\"og:locale\" content=\"fr_FR\" \/>\n<meta property=\"og:type\" content=\"article\" \/>\n<meta property=\"og:title\" content=\"Notre histoire - Marly Distribution\" \/>\n<meta property=\"og:url\" content=\"https:\/\/marly-distribution.com\/index.php\/histoire\/\" \/>\n<meta property=\"og:site_name\" content=\"Marly Distribution\" \/>\n<meta property=\"article:modified_time\" content=\"2024-03-29T15:43:53+00:00\" \/>\n<meta name=\"twitter:card\" content=\"summary_large_image\" \/>\n<meta name=\"twitter:label1\" content=\"Dur\u00e9e de lecture estim\u00e9e\" \/>\n\t<meta name=\"twitter:data1\" content=\"2 minutes\" \/>\n<script type=\"application\/ld+json\" class=\"yoast-schema-graph\">{\"@context\":\"https:\/\/schema.org\",\"@graph\":[{\"@type\":\"WebPage\",\"@id\":\"https:\/\/marly-distribution.com\/index.php\/histoire\/\",\"url\":\"https:\/\/marly-distribution.com\/index.php\/histoire\/\",\"name\":\"Notre histoire - Marly Distribution\",\"isPartOf\":{\"@id\":\"https:\/\/marly-distribution.com\/#website\"},\"datePublished\":\"2020-10-21T14:47:40+00:00\",\"dateModified\":\"2024-03-29T15:43:53+00:00\",\"breadcrumb\":{\"@id\":\"https:\/\/marly-distribution.com\/index.php\/histoire\/#breadcrumb\"},\"inLanguage\":\"fr-FR\",\"potentialAction\":[{\"@type\":\"ReadAction\",\"target\":[\"https:\/\/marly-distribution.com\/index.php\/histoire\/\"]}]},{\"@type\":\"BreadcrumbList\",\"@id\":\"https:\/\/marly-distribution.com\/index.php\/histoire\/#breadcrumb\",\"itemListElement\":[{\"@type\":\"ListItem\",\"position\":1,\"name\":\"Accueil\",\"item\":\"https:\/\/marly-distribution.com\/\"},{\"@type\":\"ListItem\",\"position\":2,\"name\":\"Notre histoire\"}]},{\"@type\":\"WebSite\",\"@id\":\"https:\/\/marly-distribution.com\/#website\",\"url\":\"https:\/\/marly-distribution.com\/\",\"name\":\"Marly Distribution\",\"description\":\"\",\"potentialAction\":[{\"@type\":\"SearchAction\",\"target\":{\"@type\":\"EntryPoint\",\"urlTemplate\":\"https:\/\/marly-distribution.com\/?s={search_term_string}\"},\"query-input\":\"required name=search_term_string\"}],\"inLanguage\":\"fr-FR\"}]}<\/script>\n<!-- \/ Yoast SEO plugin. -->","yoast_head_json":{"title":"Notre histoire - Marly Distribution","robots":{"index":"index","follow":"follow","max-snippet":"max-snippet:-1","max-image-preview":"max-image-preview:large","max-video-preview":"max-video-preview:-1"},"canonical":"https:\/\/marly-distribution.com\/index.php\/histoire\/","og_locale":"fr_FR","og_type":"article","og_title":"Notre histoire - Marly Distribution","og_url":"https:\/\/marly-distribution.com\/index.php\/histoire\/","og_site_name":"Marly Distribution","article_modified_time":"2024-03-29T15:43:53+00:00","twitter_card":"summary_large_image","twitter_misc":{"Dur\u00e9e de lecture estim\u00e9e":"2 minutes"},"schema":{"@context":"https:\/\/schema.org","@graph":[{"@type":"WebPage","@id":"https:\/\/marly-distribution.com\/index.php\/histoire\/","url":"https:\/\/marly-distribution.com\/index.php\/histoire\/","name":"Notre histoire - Marly Distribution","isPartOf":{"@id":"https:\/\/marly-distribution.com\/#website"},"datePublished":"2020-10-21T14:47:40+00:00","dateModified":"2024-03-29T15:43:53+00:00","breadcrumb":{"@id":"https:\/\/marly-distribution.com\/index.php\/histoire\/#breadcrumb"},"inLanguage":"fr-FR","potentialAction":[{"@type":"ReadAction","target":["https:\/\/marly-distribution.com\/index.php\/histoire\/"]}]},{"@type":"BreadcrumbList","@id":"https:\/\/marly-distribution.com\/index.php\/histoire\/#breadcrumb","itemListElement":[{"@type":"ListItem","position":1,"name":"Accueil","item":"https:\/\/marly-distribution.com\/"},{"@type":"ListItem","position":2,"name":"Notre histoire"}]},{"@type":"WebSite","@id":"https:\/\/marly-distribution.com\/#website","url":"https:\/\/marly-distribution.com\/","name":"Marly Distribution","description":"","potentialAction":[{"@type":"SearchAction","target":{"@type":"EntryPoint","urlTemplate":"https:\/\/marly-distribution.com\/?s={search_term_string}"},"query-input":"required name=search_term_string"}],"inLanguage":"fr-FR"}]}},"_links":{"self":[{"href":"https:\/\/marly-distribution.com\/index.php\/wp-json\/wp\/v2\/pages\/1406"}],"collection":[{"href":"https:\/\/marly-distribution.com\/index.php\/wp-json\/wp\/v2\/pages"}],"about":[{"href":"https:\/\/marly-distribution.com\/index.php\/wp-json\/wp\/v2\/types\/page"}],"author":[{"embeddable":true,"href":"https:\/\/marly-distribution.com\/index.php\/wp-json\/wp\/v2\/users\/2"}],"replies":[{"embeddable":true,"href":"https:\/\/marly-distribution.com\/index.php\/wp-json\/wp\/v2\/comments?post=1406"}],"version-history":[{"count":192,"href":"https:\/\/marly-distribution.com\/index.php\/wp-json\/wp\/v2\/pages\/1406\/revisions"}],"predecessor-version":[{"id":2736,"href":"https:\/\/marly-distribution.com\/index.php\/wp-json\/wp\/v2\/pages\/1406\/revisions\/2736"}],"wp:attachment":[{"href":"https:\/\/marly-distribution.com\/index.php\/wp-json\/wp\/v2\/media?parent=1406"}],"curies":[{"name":"wp","href":"https:\/\/api.w.org\/{rel}","templated":true}]}}